{"id":964,"date":"2024-11-26T10:55:29","date_gmt":"2024-11-26T10:55:29","guid":{"rendered":"https:\/\/lazermetcelik.com\/our-services\/commercial-buildings-warehouses\/"},"modified":"2024-12-30T09:31:35","modified_gmt":"2024-12-30T09:31:35","slug":"commercial-buildings-warehouses","status":"publish","type":"page","link":"https:\/\/lazermetcelik.com\/en\/our-services\/commercial-buildings-warehouses\/","title":{"rendered":"Commercial Buildings, Warehouses"},"content":{"rendered":"\n\n\t<section class=\"section\" id=\"section_939443931\">\n\t\t<div class=\"section-bg fill\" >\n\t\t\t\t\t\t\t\t\t\n\t\t\t\n\n\t\t<\/div>\n\n\t\t\n\n\t\t<div class=\"section-content relative\">\n\t\t\t\n\n  <div id=\"page-header-2029550868\" class=\"page-header-wrapper\">\n  <div class=\"page-title dark featured-title\">\n\n        <div class=\"page-title-bg\">\n      <div class=\"title-bg fill bg-fill\"\n        data-parallax-container=\".page-title\"\n        data-parallax-background\n        data-parallax=\"-\">\n      <\/div>\n      <div class=\"title-overlay fill\"><\/div>\n    <\/div>\n    \n    <div class=\"page-title-inner container align-center flex-row medium-flex-wrap\" >\n              <div class=\"title-wrapper flex-col text-left medium-text-center\">\n          <h1 class=\"entry-title mb-0\">\n            Commercial Buildings, Warehouses          <\/h1>\n        <\/div>\n                    <div class=\"title-content flex-col flex-right text-right medium-text-center\">\n        <div class=\"title-breadcrumbs pb-half pt-half\"><nav class=\"woocommerce-breadcrumb breadcrumbs uppercase\">Home<\/nav><\/div>      <\/div>\n    <\/div>\n\n     \n<style>\n#page-header-2029550868 .page-title-inner {\n  min-height: 300px;\n}\n#page-header-2029550868 .title-bg {\n  background-image: url(https:\/\/lazermetcelik.com\/wp-content\/uploads\/2024\/11\/ticari-binalar-depoalar.png);\n  background-position: 96% 64%;\n}\n#page-header-2029550868 .title-overlay {\n  background-color: rgba(0, 32, 182, 0.81);\n}\n<\/style>\n  <\/div>\n    <\/div>\n  \n\n\n\t\t<\/div>\n\n\t\t\n<style>\n#section_939443931 {\n  padding-top: 30px;\n  padding-bottom: 30px;\n}\n<\/style>\n\t<\/section>\n\t\n\n\t<section class=\"section\" id=\"section_1460472550\">\n\t\t<div class=\"section-bg fill\" >\n\t\t\t\t\t\t\t\t\t\n\t\t\t\n\n\t\t<\/div>\n\n\t\t\n\n\t\t<div class=\"section-content relative\">\n\t\t\t\n\n<div class=\"row row-small align-equal\"  id=\"row-1789836073\">\n\n\n\t<div id=\"col-1786033459\" class=\"col medium-4 small-12 large-4\"  >\n\t\t<div class=\"is-sticky-column\"><div class=\"is-sticky-column__inner\">\t\t<div class=\"col-inner\"  >\n\t\t\t\n\t\t\t\n\n\t<div class=\"ux-menu stack stack-col justify-start ux-menu--divider-solid\">\n\t\t\n\n\t<div class=\"ux-menu-link flex menu-item\">\n\t\t<a class=\"ux-menu-link__link flex\" href=\"https:\/\/lazermetcelik.com\/en\/our-services\/laser-cutting\/\" >\n\t\t\t\t\t\t<span class=\"ux-menu-link__text\">\n\t\t\t\tLaser Cutting\t\t\t<\/span>\n\t\t<\/a>\n\t<\/div>\n\t\n\n\t<div class=\"ux-menu-link flex menu-item\">\n\t\t<a class=\"ux-menu-link__link flex\" href=\"https:\/\/lazermetcelik.com\/en\/our-services\/pipe-laser-cutting\/\" >\n\t\t\t\t\t\t<span class=\"ux-menu-link__text\">\n\t\t\t\tPipe Laser Cutting\t\t\t<\/span>\n\t\t<\/a>\n\t<\/div>\n\t\n\n\t<div class=\"ux-menu-link flex menu-item\">\n\t\t<a class=\"ux-menu-link__link flex\" href=\"https:\/\/lazermetcelik.com\/en\/our-services\/welded-manufacturing\/\" >\n\t\t\t\t\t\t<span class=\"ux-menu-link__text\">\n\t\t\t\tWelded Manufacturing\t\t\t<\/span>\n\t\t<\/a>\n\t<\/div>\n\t\n\n\t<div class=\"ux-menu-link flex menu-item\">\n\t\t<a class=\"ux-menu-link__link flex\" href=\"https:\/\/lazermetcelik.com\/en\/our-services\/press-brake-bending\/\" >\n\t\t\t\t\t\t<span class=\"ux-menu-link__text\">\n\t\t\t\tPress Brake Bending\t\t\t<\/span>\n\t\t<\/a>\n\t<\/div>\n\t\n\n\t<div class=\"ux-menu-link flex menu-item\">\n\t\t<a class=\"ux-menu-link__link flex\" href=\"https:\/\/lazermetcelik.com\/en\/our-services\/profile-chassis-manufacturing\/\" >\n\t\t\t\t\t\t<span class=\"ux-menu-link__text\">\n\t\t\t\tProfile\/Chassis Manufacturing\t\t\t<\/span>\n\t\t<\/a>\n\t<\/div>\n\t\n\n\t<div class=\"ux-menu-link flex menu-item\">\n\t\t<a class=\"ux-menu-link__link flex\" href=\"https:\/\/lazermetcelik.com\/en\/our-services\/steel-structures\/\" >\n\t\t\t\t\t\t<span class=\"ux-menu-link__text\">\n\t\t\t\tSteel Structures\t\t\t<\/span>\n\t\t<\/a>\n\t<\/div>\n\t\n\n\t<div class=\"ux-menu-link flex menu-item\">\n\t\t<a class=\"ux-menu-link__link flex\" href=\"https:\/\/lazermetcelik.com\/en\/our-services\/industrial-plants\/\" >\n\t\t\t\t\t\t<span class=\"ux-menu-link__text\">\n\t\t\t\tIndustrial Plants\t\t\t<\/span>\n\t\t<\/a>\n\t<\/div>\n\t\n\n\t<div class=\"ux-menu-link flex menu-item\">\n\t\t<a class=\"ux-menu-link__link flex\" href=\"https:\/\/lazermetcelik.com\/en\/our-services\/factory-buildings\/\" >\n\t\t\t\t\t\t<span class=\"ux-menu-link__text\">\n\t\t\t\tFactory Buildings\t\t\t<\/span>\n\t\t<\/a>\n\t<\/div>\n\t\n\n\t<div class=\"ux-menu-link flex menu-item\">\n\t\t<a class=\"ux-menu-link__link flex\" href=\"https:\/\/lazermetcelik.com\/en\/our-services\/commercial-buildings-warehouses\/\" >\n\t\t\t\t\t\t<span class=\"ux-menu-link__text\">\n\t\t\t\tCommercial Buildings, Warehouses\t\t\t<\/span>\n\t\t<\/a>\n\t<\/div>\n\t\n\n\t<div class=\"ux-menu-link flex menu-item\">\n\t\t<a class=\"ux-menu-link__link flex\" href=\"https:\/\/lazermetcelik.com\/en\/our-services\/marketplaces\/\" >\n\t\t\t\t\t\t<span class=\"ux-menu-link__text\">\n\t\t\t\tMarketplaces\t\t\t<\/span>\n\t\t<\/a>\n\t<\/div>\n\t\n\n\t<div class=\"ux-menu-link flex menu-item\">\n\t\t<a class=\"ux-menu-link__link flex\" href=\"https:\/\/lazermetcelik.com\/en\/our-services\/production-facilities\/\" >\n\t\t\t\t\t\t<span class=\"ux-menu-link__text\">\n\t\t\t\tProduction Facilities\t\t\t<\/span>\n\t\t<\/a>\n\t<\/div>\n\t\n\n\t<div class=\"ux-menu-link flex menu-item\">\n\t\t<a class=\"ux-menu-link__link flex\" href=\"https:\/\/lazermetcelik.com\/en\/our-services\/hangars\/\" >\n\t\t\t\t\t\t<span class=\"ux-menu-link__text\">\n\t\t\t\tHangars\t\t\t<\/span>\n\t\t<\/a>\n\t<\/div>\n\t\n\n\t<div class=\"ux-menu-link flex menu-item\">\n\t\t<a class=\"ux-menu-link__link flex\" href=\"https:\/\/lazermetcelik.com\/en\/our-services\/sports-facilities\/\" >\n\t\t\t\t\t\t<span class=\"ux-menu-link__text\">\n\t\t\t\tSports Facilities\t\t\t<\/span>\n\t\t<\/a>\n\t<\/div>\n\t\n\n\t<div class=\"ux-menu-link flex menu-item\">\n\t\t<a class=\"ux-menu-link__link flex\" href=\"https:\/\/lazermetcelik.com\/en\/our-services\/education-buildings\/\" >\n\t\t\t\t\t\t<span class=\"ux-menu-link__text\">\n\t\t\t\tEducation Buildings\t\t\t<\/span>\n\t\t<\/a>\n\t<\/div>\n\t\n\n\t<div class=\"ux-menu-link flex menu-item\">\n\t\t<a class=\"ux-menu-link__link flex\" href=\"https:\/\/lazermetcelik.com\/en\/our-services\/yacht-harbors\/\" >\n\t\t\t\t\t\t<span class=\"ux-menu-link__text\">\n\t\t\t\tYacht Harbors\t\t\t<\/span>\n\t\t<\/a>\n\t<\/div>\n\t\n\n\t<div class=\"ux-menu-link flex menu-item\">\n\t\t<a class=\"ux-menu-link__link flex\" href=\"https:\/\/lazermetcelik.com\/en\/our-services\/steel-roofs\/\" >\n\t\t\t\t\t\t<span class=\"ux-menu-link__text\">\n\t\t\t\tSteel Roofs\t\t\t<\/span>\n\t\t<\/a>\n\t<\/div>\n\t\n\n\t<div class=\"ux-menu-link flex menu-item\">\n\t\t<a class=\"ux-menu-link__link flex\" href=\"https:\/\/lazermetcelik.com\/en\/our-services\/steel-construction-plants\/\" >\n\t\t\t\t\t\t<span class=\"ux-menu-link__text\">\n\t\t\t\tSteel Construction Plants\t\t\t<\/span>\n\t\t<\/a>\n\t<\/div>\n\t\n\n\t<div class=\"ux-menu-link flex menu-item\">\n\t\t<a class=\"ux-menu-link__link flex\" href=\"https:\/\/lazermetcelik.com\/en\/our-services\/architectural-designs\/\" >\n\t\t\t\t\t\t<span class=\"ux-menu-link__text\">\n\t\t\t\tArchitectural Designs\t\t\t<\/span>\n\t\t<\/a>\n\t<\/div>\n\t\n\n\t<div class=\"ux-menu-link flex menu-item\">\n\t\t<a class=\"ux-menu-link__link flex\" href=\"https:\/\/lazermetcelik.com\/en\/our-services\/livestock-and-agricultural-structures\/\" >\n\t\t\t\t\t\t<span class=\"ux-menu-link__text\">\n\t\t\t\tLivestock and Agricultural Structures\t\t\t<\/span>\n\t\t<\/a>\n\t<\/div>\n\t\n\n\t<div class=\"ux-menu-link flex menu-item\">\n\t\t<a class=\"ux-menu-link__link flex\" href=\"https:\/\/lazermetcelik.com\/en\/our-services\/cold-storage\/\" >\n\t\t\t\t\t\t<span class=\"ux-menu-link__text\">\n\t\t\t\tCold Storage\t\t\t<\/span>\n\t\t<\/a>\n\t<\/div>\n\t\n\n\t<div class=\"ux-menu-link flex menu-item\">\n\t\t<a class=\"ux-menu-link__link flex\" href=\"https:\/\/lazermetcelik.com\/en\/our-services\/culture-and-tourism-buildings\/\" >\n\t\t\t\t\t\t<span class=\"ux-menu-link__text\">\n\t\t\t\tCulture and Tourism Buildings\t\t\t<\/span>\n\t\t<\/a>\n\t<\/div>\n\t\n\n\t<div class=\"ux-menu-link flex menu-item\">\n\t\t<a class=\"ux-menu-link__link flex\" href=\"https:\/\/lazermetcelik.com\/en\/our-services\/mini-warehouses\/\" >\n\t\t\t\t\t\t<span class=\"ux-menu-link__text\">\n\t\t\t\tMini Warehouses\t\t\t<\/span>\n\t\t<\/a>\n\t<\/div>\n\t\n\n\n\t<\/div>\n\t\n<a href=\"tel:05435857493\" class=\"button primary expand\"  >\n\t<i class=\"icon-phone\" aria-hidden=\"true\" ><\/i>\t<span>Get Information<\/span>\n\t<\/a>\n\n\n<a href=\"https:\/\/lazermetcelik.com\/en\/contact\/\" class=\"button secondary expand\"  >\n\t<i class=\"icon-map-pin-fill\" aria-hidden=\"true\" ><\/i>\t<span>Contact<\/span>\n\t<\/a>\n\n\n\n\t\t<\/div>\n\t\t<\/div><\/div>\t\t\t<\/div>\n\n\t\n\n\t<div id=\"col-373410300\" class=\"col medium-8 small-12 large-8\"  >\n\t\t\t\t<div class=\"col-inner\"  >\n\t\t\t\n\t\t\t\n\n<h2><b>Commercial Buildings and Warehouses: Modern and Efficient Solutions for Businesses<\/b><\/h2>\n<p><span style=\"font-weight: 400;\">Commercial buildings and warehouses are durable and functional structures designed for businesses to carry out their activities in a more efficient and organized manner. Thanks to the robustness of steel constructions and large internal volume, commercial buildings meet the needs of businesses in terms of both aesthetics and functionality. Warehouses are specially designed for safe storage of materials and quick access.  <\/span><\/p>\n<h3><b>What are Commercial Buildings and Warehouses?<\/b><\/h3>\n<p><span style=\"font-weight: 400;\">While commercial buildings are developed as structures suitable for different types of businesses such as offices, shopping centers, showrooms, warehouses are areas that ensure the regular storage of materials in many areas from production to logistics. These structures are designed in accordance with the sectoral needs of businesses using modern construction technologies. <\/span><\/p>\n<h3><b>Advantages of Commercial Buildings and Warehouses<\/b><\/h3>\n<ul>\n<li style=\"font-weight: 400;\" aria-level=\"1\"><b>Durability and Safety:<\/b><span style=\"font-weight: 400;\"> Structures built with steel construction and reinforced concrete systems are long-lasting and provide maximum protection against external factors.<\/span><\/li>\n<li style=\"font-weight: 400;\" aria-level=\"1\"><b>Efficient Space Utilization:<\/b><span style=\"font-weight: 400;\"> Thanks to its large interior spaces, it offers ideal solutions for commercial activities and storage processes.<\/span><\/li>\n<li style=\"font-weight: 400;\" aria-level=\"1\"><b>Fast Construction Process:<\/b><span style=\"font-weight: 400;\"> Thanks to prefabricated building technology, projects are completed in a short time.<\/span><\/li>\n<li style=\"font-weight: 400;\" aria-level=\"1\"><b>Sectoral Customization:<\/b><span style=\"font-weight: 400;\"> It meets the special needs of businesses with designs suitable for every sector.<\/span><\/li>\n<li style=\"font-weight: 400;\" aria-level=\"1\"><b>Energy Efficiency:<\/b><span style=\"font-weight: 400;\"> Reduces energy costs with modern insulation systems and offers a sustainable structure.<\/span><\/li>\n<\/ul>\n<h3><b>Uses of Commercial Buildings and Warehouses<\/b><\/h3>\n<ul>\n<li style=\"font-weight: 400;\" aria-level=\"1\"><b>Shopping Centers and Showrooms: <\/b><span style=\"font-weight: 400;\">Modern designs that maximize the customer experience<\/span>.<\/li>\n<li style=\"font-weight: 400;\" aria-level=\"1\"><b>Office Buildings:<\/b><span style=\"font-weight: 400;\"> \u00c7al\u0131\u015fma alanlar\u0131n\u0131n verimli ve konforlu bir \u015fekilde tasarland\u0131\u011f\u0131 yap\u0131lar.<\/span><\/li>\n<li style=\"font-weight: 400;\" aria-level=\"1\"><b>Logistics Warehouses:<\/b> <span style=\"font-weight: 400;\">Dedicated areas for the safe storage and orderly management of products.<\/span><\/li>\n<li style=\"font-weight: 400;\" aria-level=\"1\"><b>Cold Storages: <\/b><span style=\"font-weight: 400;\">Areas designed for the safe storage of sensitive products such as food and pharmaceuticals.<\/span><\/li>\n<li style=\"font-weight: 400;\" aria-level=\"1\"><b>Industrial and Production Warehouses:<\/b><span style=\"font-weight: 400;\"> Facilities for the organized storage of raw materials and equipment.<\/span><\/li>\n<\/ul>\n<h3><b>Construction Process<\/b><\/h3>\n<ol>\n<li style=\"font-weight: 400;\" aria-level=\"1\"><b>Design and Planning: <\/b><span style=\"font-weight: 400;\">A project is prepared in accordance with the field of activity and needs of the business.<\/span><\/li>\n<li style=\"font-weight: 400;\" aria-level=\"1\"><b>Material Production:<\/b><span style=\"font-weight: 400;\"> Steel and other structural elements are manufactured in modern facilities.<\/span><\/li>\n<li style=\"font-weight: 400;\" aria-level=\"1\"><b>Assembly and Completion: <\/b><span style=\"font-weight: 400;\">The structure is quickly and accurately assembled on site and the necessary hardware is installed.<\/span><\/li>\n<\/ol>\n<p><span style=\"font-weight: 400;\">Commercial buildings and warehouses offer durable, aesthetic and efficient solutions that support business growth. Produced with technological infrastructures and innovative designs, these structures are ideal for meeting the needs of your business and facilitating your operational processes. You can increase the potential of your business with modern commercial and warehouse solutions.  <\/span><\/p>\n\n\t\t<\/div>\n\t\t\t\t\t<\/div>\n\n\t\n\n<\/div>\n\n\t\t<\/div>\n\n\t\t\n<style>\n#section_1460472550 {\n  padding-top: 50px;\n  padding-bottom: 50px;\n}\n<\/style>\n\t<\/section>\n\t\n\n","protected":false},"excerpt":{"rendered":"","protected":false},"author":1,"featured_media":0,"parent":904,"menu_order":0,"comment_status":"closed","ping_status":"closed","template":"page-blank.php","meta":{"footnotes":""},"class_list":["post-964","page","type-page","status-publish","hentry"],"_links":{"self":[{"href":"https:\/\/lazermetcelik.com\/en\/wp-json\/wp\/v2\/pages\/964","targetHints":{"allow":["GET"]}}],"collection":[{"href":"https:\/\/lazermetcelik.com\/en\/wp-json\/wp\/v2\/pages"}],"about":[{"href":"https:\/\/lazermetcelik.com\/en\/wp-json\/wp\/v2\/types\/page"}],"author":[{"embeddable":true,"href":"https:\/\/lazermetcelik.com\/en\/wp-json\/wp\/v2\/users\/1"}],"replies":[{"embeddable":true,"href":"https:\/\/lazermetcelik.com\/en\/wp-json\/wp\/v2\/comments?post=964"}],"version-history":[{"count":2,"href":"https:\/\/lazermetcelik.com\/en\/wp-json\/wp\/v2\/pages\/964\/revisions"}],"predecessor-version":[{"id":1093,"href":"https:\/\/lazermetcelik.com\/en\/wp-json\/wp\/v2\/pages\/964\/revisions\/1093"}],"up":[{"embeddable":true,"href":"https:\/\/lazermetcelik.com\/en\/wp-json\/wp\/v2\/pages\/904"}],"wp:attachment":[{"href":"https:\/\/lazermetcelik.com\/en\/wp-json\/wp\/v2\/media?parent=964"}],"curies":[{"name":"wp","href":"https:\/\/api.w.org\/{rel}","templated":true}]}}